{"id":1559,"date":"2024-06-10T08:25:36","date_gmt":"2024-06-10T08:25:36","guid":{"rendered":"http:\/\/xtratheme.combuilding\/?page_id=8"},"modified":"2025-10-31T10:29:14","modified_gmt":"2025-10-31T13:29:14","slug":"recursos","status":"publish","type":"page","link":"https:\/\/jazygo.com.br\/home\/recursos\/","title":{"rendered":"Recursos"},"content":{"rendered":"\t\t<div data-elementor-type=\"wp-page\" data-elementor-id=\"1559\" class=\"elementor elementor-1559\">\n\t\t\t\t\t\t<section class=\"elementor-section elementor-top-section elementor-element elementor-element-7ebfc6a4 elementor-section-boxed elementor-section-height-default elementor-section-height-default\" data-id=\"7ebfc6a4\" data-element_type=\"section\">\n\t\t\t\t\t\t<div class=\"elementor-container elementor-column-gap-wide\">\n\t\t\t\t\t<div class=\"elementor-column elementor-col-33 elementor-top-column elementor-element elementor-element-ee4a441\" data-id=\"ee4a441\" data-element_type=\"column\" data-settings=\"{&quot;background_background&quot;:&quot;classic&quot;}\">\n\t\t\t<div class=\"elementor-widget-wrap elementor-element-populated\">\n\t\t\t\t\t\t<div class=\"elementor-element elementor-element-bf1f02e elementor-widget elementor-widget-cz_title\" data-id=\"bf1f02e\" data-element_type=\"widget\" data-widget_type=\"cz_title.default\">\n\t\t\t\t<div class=\"elementor-widget-container\">\n\t\t\t\t\t\t\r\n\t\t<div>\r\n\t\t\t<div class=\"cz_title clr cz_mobile_text_center cz_title_pos_inline\"><div class=\"cz_title_shape shape_square cz_shape_1\"><\/div><div class=\"cz_title_shape shape_square cz_shape_2\"><\/div><div class=\"cz_title_content\"><div class=\"cz_wpe_content\"><h2><span style=\"color: #00467a; font-weight: bold;\"><span style=\"color: #ffffff;\">Como funciona<\/span><\/span><\/h2><\/div><\/div><\/div>\r\n\t\t<\/div>\r\n\t\t\r\n\t\t\t\t\t\t<\/div>\n\t\t\t\t<\/div>\n\t\t\t\t<div class=\"elementor-element elementor-element-d37bcef elementor-widget elementor-widget-text-editor\" data-id=\"d37bcef\" data-element_type=\"widget\" data-widget_type=\"text-editor.default\">\n\t\t\t\t\t\t\t\t\t<p>O processo \u00e9 simples.\u00a0<br \/>Clique em uma das op\u00e7\u00f5es de plano de memorial. Registre seu usu\u00e1rio, fa\u00e7a o login e j\u00e1 pode come\u00e7ar a construir o seu memorial. Voc\u00ea tem alguns dias para teste gr\u00e1tis da ferramenta e depois deve escolher seu plano, para pagar a taxa de instala\u00e7\u00e3o. H\u00e1 uma recorr\u00eancia mensal para manter o projeto ativo para sempre.\u00a0<\/p>\t\t\t\t\t\t\t\t<\/div>\n\t\t\t\t\t<\/div>\n\t\t<\/div>\n\t\t\t\t<div class=\"elementor-column elementor-col-33 elementor-top-column elementor-element elementor-element-7d2866a5\" data-id=\"7d2866a5\" data-element_type=\"column\">\n\t\t\t<div class=\"elementor-widget-wrap elementor-element-populated\">\n\t\t\t\t\t\t<div class=\"elementor-element elementor-element-578fe58f elementor-widget elementor-widget-cz_service_box\" data-id=\"578fe58f\" data-element_type=\"widget\" data-widget_type=\"cz_service_box.default\">\n\t\t\t\t<div class=\"elementor-widget-container\">\n\t\t\t\t\t<div class=\"services clr style1 cz_sbi_fx_9a services_b\"><div class=\"service_custom\"><i class=\"far fa-images\"><\/i><\/div><div class=\"service_text\"><h3>Galeria de Imagens<\/h3><div class=\"cz_wpe_content\"><p><span style=\"color: #00467a;\">Crie galerias com fotos que contam a hist\u00f3ria de vida. Organize momentos especiais em \u00e1lbuns tem\u00e1ticos e compartilhe mem\u00f3rias visuais. Altere fundo e anima\u00e7\u00f5es quando quiser.\u00a0<\/span><\/p><\/div><\/div><\/div>\t\t\t\t<\/div>\n\t\t\t\t<\/div>\n\t\t\t\t\t<\/div>\n\t\t<\/div>\n\t\t\t\t<div class=\"elementor-column elementor-col-33 elementor-top-column elementor-element elementor-element-b12920e\" data-id=\"b12920e\" data-element_type=\"column\">\n\t\t\t<div class=\"elementor-widget-wrap elementor-element-populated\">\n\t\t\t\t\t\t<div class=\"elementor-element elementor-element-13bf51e6 elementor-widget elementor-widget-cz_service_box\" data-id=\"13bf51e6\" data-element_type=\"widget\" data-widget_type=\"cz_service_box.default\">\n\t\t\t\t<div class=\"elementor-widget-container\">\n\t\t\t\t\t<div class=\"services clr style1 cz_sbi_fx_9a services_b\"><div class=\"service_custom\"><i class=\"far fa-file-audio\"><\/i><\/div><div class=\"service_text\"><h3>\u00c1udios e V\u00eddeos<\/h3><div class=\"cz_wpe_content\"><p><span style=\"color: #00467a;\">Adicione v\u00eddeos, mensagens gravadas e \u00e1udios especiais. Link direto com playlist do Spotify ou v\u00eddeos no Youtube e Vimeo, Preserve a voz e os momentos em movimento.<\/span><\/p><\/div><\/div><\/div>\t\t\t\t<\/div>\n\t\t\t\t<\/div>\n\t\t\t\t\t<\/div>\n\t\t<\/div>\n\t\t\t\t\t<\/div>\n\t\t<\/section>\n\t\t\t\t<section class=\"elementor-section elementor-top-section elementor-element elementor-element-da3bd37 elementor-section-boxed elementor-section-height-default elementor-section-height-default\" data-id=\"da3bd37\" data-element_type=\"section\">\n\t\t\t\t\t\t<div class=\"elementor-container elementor-column-gap-wide\">\n\t\t\t\t\t<div class=\"elementor-column elementor-col-33 elementor-top-column elementor-element elementor-element-b1270ad\" data-id=\"b1270ad\" data-element_type=\"column\">\n\t\t\t<div class=\"elementor-widget-wrap elementor-element-populated\">\n\t\t\t\t\t\t<div class=\"elementor-element elementor-element-d8b2db8 elementor-widget elementor-widget-cz_service_box\" data-id=\"d8b2db8\" data-element_type=\"widget\" data-widget_type=\"cz_service_box.default\">\n\t\t\t\t<div class=\"elementor-widget-container\">\n\t\t\t\t\t<div class=\"services clr style1 cz_sbi_fx_9a services_b\"><div class=\"service_custom\"><i class=\"czi czico-006-speech-bubble-with-text-lines\"><\/i><\/div><div class=\"service_text\"><h3>Biografia Completa<\/h3><div class=\"cz_wpe_content\"><p><span style=\"color: #00467a;\">Escreva ou deixe que escrevamos a hist\u00f3ria de vida completa, com conquistas, valores e momentos marcantes. Use um agente GPT para seu memorial<\/span><\/p><\/div><\/div><\/div>\t\t\t\t<\/div>\n\t\t\t\t<\/div>\n\t\t\t\t\t<\/div>\n\t\t<\/div>\n\t\t\t\t<div class=\"elementor-column elementor-col-33 elementor-top-column elementor-element elementor-element-b6e9219\" data-id=\"b6e9219\" data-element_type=\"column\">\n\t\t\t<div class=\"elementor-widget-wrap elementor-element-populated\">\n\t\t\t\t\t\t<div class=\"elementor-element elementor-element-9583777 elementor-widget elementor-widget-cz_service_box\" data-id=\"9583777\" data-element_type=\"widget\" data-widget_type=\"cz_service_box.default\">\n\t\t\t\t<div class=\"elementor-widget-container\">\n\t\t\t\t\t<div class=\"services clr style1 cz_sbi_fx_9a services_b\"><div class=\"service_custom\"><i class=\"fas fa-qrcode\"><\/i><\/div><div class=\"service_text\"><h3>Placa QR CODE<\/h3><div class=\"cz_wpe_content\"><p><span style=\"color: #00467a;\">Placa f\u00edsica com QR Code para instala\u00e7\u00e3o no t\u00famulo, permitindo acesso instant\u00e2neo ao memorial atrav\u00e9s do smartphone. Compartilhe tamb\u00e9m o link para a fam\u00edlia e amigos.\u00a0<\/span><\/p><\/div><\/div><\/div>\t\t\t\t<\/div>\n\t\t\t\t<\/div>\n\t\t\t\t\t<\/div>\n\t\t<\/div>\n\t\t\t\t<div class=\"elementor-column elementor-col-33 elementor-top-column elementor-element elementor-element-f52b8a3\" data-id=\"f52b8a3\" data-element_type=\"column\">\n\t\t\t<div class=\"elementor-widget-wrap elementor-element-populated\">\n\t\t\t\t\t\t<div class=\"elementor-element elementor-element-499891f elementor-widget elementor-widget-cz_service_box\" data-id=\"499891f\" data-element_type=\"widget\" data-widget_type=\"cz_service_box.default\">\n\t\t\t\t<div class=\"elementor-widget-container\">\n\t\t\t\t\t<div class=\"services clr style1 cz_sbi_fx_9a services_b\"><div class=\"service_custom\"><i class=\"czi czico-024-security-badge\"><\/i><\/div><div class=\"service_text\"><h3>Seguran\u00e7a e Privacidade<\/h3><div class=\"cz_wpe_content\"><p><span style=\"color: #00467a;\">Controle quem pode visualizar e editar o memorial. Seus dados e mem\u00f3rias protegidos com seguran\u00e7a de ponta. O acesso pode ser restringido por senha, se preferir.<\/span><\/p><\/div><\/div><\/div>\t\t\t\t<\/div>\n\t\t\t\t<\/div>\n\t\t\t\t\t<\/div>\n\t\t<\/div>\n\t\t\t\t\t<\/div>\n\t\t<\/section>\n\t\t\t\t<section class=\"elementor-section elementor-top-section elementor-element elementor-element-842f9ad elementor-section-boxed elementor-section-height-default elementor-section-height-default\" data-id=\"842f9ad\" data-element_type=\"section\">\n\t\t\t\t\t\t<div class=\"elementor-container elementor-column-gap-wide\">\n\t\t\t\t\t<div class=\"elementor-column elementor-col-33 elementor-top-column elementor-element elementor-element-0df9406\" data-id=\"0df9406\" data-element_type=\"column\">\n\t\t\t<div class=\"elementor-widget-wrap elementor-element-populated\">\n\t\t\t\t\t\t<div class=\"elementor-element elementor-element-e0b0bed elementor-widget elementor-widget-cz_service_box\" data-id=\"e0b0bed\" data-element_type=\"widget\" data-widget_type=\"cz_service_box.default\">\n\t\t\t\t<div class=\"elementor-widget-container\">\n\t\t\t\t\t<div class=\"services clr style1 cz_sbi_fx_9a services_b\"><div class=\"service_custom\"><i class=\"czi czico-107-web-link\"><\/i><\/div><div class=\"service_text\"><h3>Recursos Avan\u00e7ados<\/h3><div class=\"cz_wpe_content\"><p><span style=\"color: #00467a;\">Adicione arquivos em PDF, Excel, Power Point e outros para enriquecer a biografia. Use tamb\u00e9m uma linha do tempo para contar a trajet\u00f3ria de vida do homenageado.\u00a0<\/span><\/p><\/div><\/div><\/div>\t\t\t\t<\/div>\n\t\t\t\t<\/div>\n\t\t\t\t\t<\/div>\n\t\t<\/div>\n\t\t\t\t<div class=\"elementor-column elementor-col-33 elementor-top-column elementor-element elementor-element-5837b7f\" data-id=\"5837b7f\" data-element_type=\"column\">\n\t\t\t<div class=\"elementor-widget-wrap elementor-element-populated\">\n\t\t\t\t\t\t<div class=\"elementor-element elementor-element-caa5df0 elementor-widget elementor-widget-cz_service_box\" data-id=\"caa5df0\" data-element_type=\"widget\" data-widget_type=\"cz_service_box.default\">\n\t\t\t\t<div class=\"elementor-widget-container\">\n\t\t\t\t\t<div class=\"services clr style1 cz_sbi_fx_9a services_b\"><div class=\"service_custom\"><i class=\"far fa-comment-dots\"><\/i><\/div><div class=\"service_text\"><h3>Mensagens<\/h3><div class=\"cz_wpe_content\"><p><span style=\"color: #00467a;\">Colete mensagens deixadas pelas pessoas que visitam o memorial e saiba quem deixou uma palavra de carinho. Acompanhem tamb\u00e9m estat\u00edsticas de acesso.\u00a0<\/span><\/p><\/div><\/div><\/div>\t\t\t\t<\/div>\n\t\t\t\t<\/div>\n\t\t\t\t\t<\/div>\n\t\t<\/div>\n\t\t\t\t<div class=\"elementor-column elementor-col-33 elementor-top-column elementor-element elementor-element-7610337\" data-id=\"7610337\" data-element_type=\"column\">\n\t\t\t<div class=\"elementor-widget-wrap elementor-element-populated\">\n\t\t\t\t\t\t<div class=\"elementor-element elementor-element-224fdae elementor-widget elementor-widget-cz_service_box\" data-id=\"224fdae\" data-element_type=\"widget\" data-widget_type=\"cz_service_box.default\">\n\t\t\t\t<div class=\"elementor-widget-container\">\n\t\t\t\t\t<div class=\"services clr style1 cz_sbi_fx_9a services_b\"><div class=\"service_custom\"><i class=\"fas fa-user-astronaut\"><\/i><\/div><div class=\"service_text\"><h3>Simples e funcional<\/h3><div class=\"cz_wpe_content\"><p><span style=\"color: #00467a;\">Nossa plataforma pode ser administrada por qualquer pessoa. Temos modelos prontos e templates que facilitam a constru\u00e7\u00e3o do memorial\u00a0<\/span><\/p><\/div><\/div><\/div>\t\t\t\t<\/div>\n\t\t\t\t<\/div>\n\t\t\t\t\t<\/div>\n\t\t<\/div>\n\t\t\t\t\t<\/div>\n\t\t<\/section>\n\t\t\t\t<\/div>\n\t\t","protected":false},"excerpt":{"rendered":"<p>Como funciona O processo \u00e9 simples.\u00a0Clique em uma das op\u00e7\u00f5es de &#8230; <\/p>\n","protected":false},"author":1,"featured_media":0,"parent":0,"menu_order":0,"comment_status":"closed","ping_status":"closed","template":"","meta":{"footnotes":""},"class_list":["post-1559","page","type-page","status-publish","hentry"],"yoast_head":"<!-- This site is optimized with the Yoast SEO plugin v27.2 - https:\/\/yoast.com\/product\/yoast-seo-wordpress\/ -->\n<title>Recursos - Jazygo Memorial<\/title>\n<meta name=\"description\" content=\"A ferramenta jazygo apresenta uma s\u00e9rie de recursos que podem enriquecer a constru\u00e7\u00e3o do memorial online, como playist do spotify e outros.\" \/>\n<meta name=\"robots\" content=\"index, follow, max-snippet:-1, max-image-preview:large, max-video-preview:-1\" \/>\n<link rel=\"canonical\" href=\"https:\/\/jazygo.com.br\/home\/recursos\/\" \/>\n<meta property=\"og:locale\" content=\"pt_BR\" \/>\n<meta property=\"og:type\" content=\"article\" \/>\n<meta property=\"og:title\" content=\"Recursos - Jazygo Memorial\" \/>\n<meta property=\"og:description\" content=\"A ferramenta jazygo apresenta uma s\u00e9rie de recursos que podem enriquecer a constru\u00e7\u00e3o do memorial online, como playist do spotify e outros.\" \/>\n<meta property=\"og:url\" content=\"https:\/\/jazygo.com.br\/home\/recursos\/\" \/>\n<meta property=\"og:site_name\" content=\"Jazygo Memorial\" \/>\n<meta property=\"article:modified_time\" content=\"2025-10-31T13:29:14+00:00\" \/>\n<meta name=\"twitter:card\" content=\"summary_large_image\" \/>\n<meta name=\"twitter:label1\" content=\"Est. tempo de leitura\" \/>\n\t<meta name=\"twitter:data1\" content=\"2 minutos\" \/>\n<script type=\"application\/ld+json\" class=\"yoast-schema-graph\">{\"@context\":\"https:\/\/schema.org\",\"@graph\":[{\"@type\":\"WebPage\",\"@id\":\"https:\/\/jazygo.com.br\/home\/recursos\/\",\"url\":\"https:\/\/jazygo.com.br\/home\/recursos\/\",\"name\":\"Recursos - Jazygo Memorial\",\"isPartOf\":{\"@id\":\"https:\/\/jazygo.com.br\/home\/#website\"},\"datePublished\":\"2024-06-10T08:25:36+00:00\",\"dateModified\":\"2025-10-31T13:29:14+00:00\",\"description\":\"A ferramenta jazygo apresenta uma s\u00e9rie de recursos que podem enriquecer a constru\u00e7\u00e3o do memorial online, como playist do spotify e outros.\",\"breadcrumb\":{\"@id\":\"https:\/\/jazygo.com.br\/home\/recursos\/#breadcrumb\"},\"inLanguage\":\"pt-BR\",\"potentialAction\":[{\"@type\":\"ReadAction\",\"target\":[\"https:\/\/jazygo.com.br\/home\/recursos\/\"]}]},{\"@type\":\"BreadcrumbList\",\"@id\":\"https:\/\/jazygo.com.br\/home\/recursos\/#breadcrumb\",\"itemListElement\":[{\"@type\":\"ListItem\",\"position\":1,\"name\":\"In\u00edcio\",\"item\":\"https:\/\/jazygo.com.br\/home\/\"},{\"@type\":\"ListItem\",\"position\":2,\"name\":\"Recursos\"}]},{\"@type\":\"WebSite\",\"@id\":\"https:\/\/jazygo.com.br\/home\/#website\",\"url\":\"https:\/\/jazygo.com.br\/home\/\",\"name\":\"Jazygo Memorial\",\"description\":\"\",\"potentialAction\":[{\"@type\":\"SearchAction\",\"target\":{\"@type\":\"EntryPoint\",\"urlTemplate\":\"https:\/\/jazygo.com.br\/home\/?s={search_term_string}\"},\"query-input\":{\"@type\":\"PropertyValueSpecification\",\"valueRequired\":true,\"valueName\":\"search_term_string\"}}],\"inLanguage\":\"pt-BR\"}]}<\/script>\n<!-- \/ Yoast SEO plugin. -->","yoast_head_json":{"title":"Recursos - Jazygo Memorial","description":"A ferramenta jazygo apresenta uma s\u00e9rie de recursos que podem enriquecer a constru\u00e7\u00e3o do memorial online, como playist do spotify e outros.","robots":{"index":"index","follow":"follow","max-snippet":"max-snippet:-1","max-image-preview":"max-image-preview:large","max-video-preview":"max-video-preview:-1"},"canonical":"https:\/\/jazygo.com.br\/home\/recursos\/","og_locale":"pt_BR","og_type":"article","og_title":"Recursos - Jazygo Memorial","og_description":"A ferramenta jazygo apresenta uma s\u00e9rie de recursos que podem enriquecer a constru\u00e7\u00e3o do memorial online, como playist do spotify e outros.","og_url":"https:\/\/jazygo.com.br\/home\/recursos\/","og_site_name":"Jazygo Memorial","article_modified_time":"2025-10-31T13:29:14+00:00","twitter_card":"summary_large_image","twitter_misc":{"Est. tempo de leitura":"2 minutos"},"schema":{"@context":"https:\/\/schema.org","@graph":[{"@type":"WebPage","@id":"https:\/\/jazygo.com.br\/home\/recursos\/","url":"https:\/\/jazygo.com.br\/home\/recursos\/","name":"Recursos - Jazygo Memorial","isPartOf":{"@id":"https:\/\/jazygo.com.br\/home\/#website"},"datePublished":"2024-06-10T08:25:36+00:00","dateModified":"2025-10-31T13:29:14+00:00","description":"A ferramenta jazygo apresenta uma s\u00e9rie de recursos que podem enriquecer a constru\u00e7\u00e3o do memorial online, como playist do spotify e outros.","breadcrumb":{"@id":"https:\/\/jazygo.com.br\/home\/recursos\/#breadcrumb"},"inLanguage":"pt-BR","potentialAction":[{"@type":"ReadAction","target":["https:\/\/jazygo.com.br\/home\/recursos\/"]}]},{"@type":"BreadcrumbList","@id":"https:\/\/jazygo.com.br\/home\/recursos\/#breadcrumb","itemListElement":[{"@type":"ListItem","position":1,"name":"In\u00edcio","item":"https:\/\/jazygo.com.br\/home\/"},{"@type":"ListItem","position":2,"name":"Recursos"}]},{"@type":"WebSite","@id":"https:\/\/jazygo.com.br\/home\/#website","url":"https:\/\/jazygo.com.br\/home\/","name":"Jazygo Memorial","description":"","potentialAction":[{"@type":"SearchAction","target":{"@type":"EntryPoint","urlTemplate":"https:\/\/jazygo.com.br\/home\/?s={search_term_string}"},"query-input":{"@type":"PropertyValueSpecification","valueRequired":true,"valueName":"search_term_string"}}],"inLanguage":"pt-BR"}]}},"_links":{"self":[{"href":"https:\/\/jazygo.com.br\/home\/wp-json\/wp\/v2\/pages\/1559","targetHints":{"allow":["GET"]}}],"collection":[{"href":"https:\/\/jazygo.com.br\/home\/wp-json\/wp\/v2\/pages"}],"about":[{"href":"https:\/\/jazygo.com.br\/home\/wp-json\/wp\/v2\/types\/page"}],"author":[{"embeddable":true,"href":"https:\/\/jazygo.com.br\/home\/wp-json\/wp\/v2\/users\/1"}],"replies":[{"embeddable":true,"href":"https:\/\/jazygo.com.br\/home\/wp-json\/wp\/v2\/comments?post=1559"}],"version-history":[{"count":13,"href":"https:\/\/jazygo.com.br\/home\/wp-json\/wp\/v2\/pages\/1559\/revisions"}],"predecessor-version":[{"id":1736,"href":"https:\/\/jazygo.com.br\/home\/wp-json\/wp\/v2\/pages\/1559\/revisions\/1736"}],"wp:attachment":[{"href":"https:\/\/jazygo.com.br\/home\/wp-json\/wp\/v2\/media?parent=1559"}],"curies":[{"name":"wp","href":"https:\/\/api.w.org\/{rel}","templated":true}]}}