{"id":19,"date":"2024-06-10T08:34:22","date_gmt":"2024-06-10T08:34:22","guid":{"rendered":"http:\/\/xtratheme.combuilding\/?page_id=13"},"modified":"2025-11-01T17:19:32","modified_gmt":"2025-11-01T20:19:32","slug":"faq","status":"publish","type":"page","link":"https:\/\/jazygo.com.br\/home\/faq\/","title":{"rendered":"FAQ"},"content":{"rendered":"\t\t<div data-elementor-type=\"wp-page\" data-elementor-id=\"19\" class=\"elementor elementor-19\">\n\t\t\t\t\t\t<section class=\"elementor-section elementor-top-section elementor-element elementor-element-7b5b148 elementor-section-boxed elementor-section-height-default elementor-section-height-default\" data-id=\"7b5b148\" data-element_type=\"section\">\n\t\t\t\t\t\t<div class=\"elementor-container elementor-column-gap-default\">\n\t\t\t\t\t<div class=\"elementor-column elementor-col-33 elementor-top-column elementor-element elementor-element-be76e51\" data-id=\"be76e51\" data-element_type=\"column\">\n\t\t\t<div class=\"elementor-widget-wrap elementor-element-populated\">\n\t\t\t\t\t\t<div class=\"elementor-element elementor-element-c1ac1b1 elementor-widget elementor-widget-cz_image\" data-id=\"c1ac1b1\" data-element_type=\"widget\" data-widget_type=\"cz_image.default\">\n\t\t\t\t<div class=\"elementor-widget-container\">\n\t\t\t\t\t\r\n\t\t<div class=\"cz_image clr cz_image_no_fx center_on_mobile\" data-position=\"\">\r\n\r\n\t\t\t<div>\r\n\r\n\t\t\t\t<div class=\"cz_image_in\">\r\n\r\n\t\t\t\t\t<div class=\"cz_main_image\"><img fetchpriority=\"high\" decoding=\"async\" width=\"1080\" height=\"1350\" src=\"https:\/\/jazygo.com.br\/home\/wp-content\/uploads\/2025\/10\/4.jpg\" class=\"attachment-full size-full wp-image-1715\" alt=\"\" srcset=\"https:\/\/jazygo.com.br\/home\/wp-content\/uploads\/2025\/10\/4.jpg 1080w, https:\/\/jazygo.com.br\/home\/wp-content\/uploads\/2025\/10\/4-240x300.jpg 240w, https:\/\/jazygo.com.br\/home\/wp-content\/uploads\/2025\/10\/4-819x1024.jpg 819w, https:\/\/jazygo.com.br\/home\/wp-content\/uploads\/2025\/10\/4-768x960.jpg 768w, https:\/\/jazygo.com.br\/home\/wp-content\/uploads\/2025\/10\/4-600x750.jpg 600w, https:\/\/jazygo.com.br\/home\/wp-content\/uploads\/2025\/10\/4-1000x1250.jpg 1000w\" sizes=\"(max-width: 1080px) 100vw, 1080px\" \/><\/div>\r\n\r\n\t\t\t\t\t<div class=\"cz_hover_image\"><img fetchpriority=\"high\" decoding=\"async\" width=\"1080\" height=\"1350\" src=\"https:\/\/jazygo.com.br\/home\/wp-content\/uploads\/2025\/10\/4.jpg\" class=\"attachment-full size-full wp-image-1715\" alt=\"\" srcset=\"https:\/\/jazygo.com.br\/home\/wp-content\/uploads\/2025\/10\/4.jpg 1080w, https:\/\/jazygo.com.br\/home\/wp-content\/uploads\/2025\/10\/4-240x300.jpg 240w, https:\/\/jazygo.com.br\/home\/wp-content\/uploads\/2025\/10\/4-819x1024.jpg 819w, https:\/\/jazygo.com.br\/home\/wp-content\/uploads\/2025\/10\/4-768x960.jpg 768w, https:\/\/jazygo.com.br\/home\/wp-content\/uploads\/2025\/10\/4-600x750.jpg 600w, https:\/\/jazygo.com.br\/home\/wp-content\/uploads\/2025\/10\/4-1000x1250.jpg 1000w\" sizes=\"(max-width: 1080px) 100vw, 1080px\" \/><\/div>\r\n\t\t\t\t<\/div>\r\n\r\n\t\t\t\t\r\n\t\t\t<\/div>\r\n\r\n\t\t<\/div>\r\n\r\n\t\t\t\t\t<\/div>\n\t\t\t\t<\/div>\n\t\t\t\t<section class=\"elementor-section elementor-inner-section elementor-element elementor-element-79db129 elementor-section-boxed elementor-section-height-default elementor-section-height-default\" data-id=\"79db129\" data-element_type=\"section\">\n\t\t\t\t\t\t<div class=\"elementor-container elementor-column-gap-default\">\n\t\t\t\t\t<div class=\"elementor-column elementor-col-100 elementor-inner-column elementor-element elementor-element-c9e8718\" data-id=\"c9e8718\" data-element_type=\"column\">\n\t\t\t<div class=\"elementor-widget-wrap elementor-element-populated\">\n\t\t\t\t\t\t<div class=\"elementor-element elementor-element-77e715f elementor-widget elementor-widget-cz_title\" data-id=\"77e715f\" data-element_type=\"widget\" data-widget_type=\"cz_title.default\">\n\t\t\t\t<div class=\"elementor-widget-container\">\n\t\t\t\t\t\t\r\n\t\t<div>\r\n\t\t\t<div class=\"cz_title clr cz_title_has_icon cz_title_pos_inline\"><div class=\"cz_title_content\"><i class=\"cz_title_icon_before fa czico-062-menu-3\"><\/i><div class=\"cz_wpe_content\"><h4><span style=\"color: #ffffff;\">D\u00favidas? Pergunte<\/span><\/h4><\/div><\/div><\/div>\r\n\t\t<\/div>\r\n\t\t\r\n\t\t\t\t\t\t<\/div>\n\t\t\t\t<\/div>\n\t\t\t\t<div class=\"elementor-element elementor-element-f2789b4 elementor-widget elementor-widget-cz_contact_form_7\" data-id=\"f2789b4\" data-element_type=\"widget\" data-widget_type=\"cz_contact_form_7.default\">\n\t\t\t\t<div class=\"elementor-widget-container\">\n\t\t\t\t\t\t\t<div class=\"cz_cf7 clr\">\r\n\t\t\t<div>\n<div class=\"wpcf7 no-js\" id=\"wpcf7-f506-o1\" lang=\"en-US\" dir=\"ltr\" data-wpcf7-id=\"506\">\n<div class=\"screen-reader-response\"><p role=\"status\" aria-live=\"polite\" aria-atomic=\"true\"><\/p> <ul><\/ul><\/div>\n<form action=\"\/home\/wp-json\/wp\/v2\/pages\/19#wpcf7-f506-o1\" method=\"post\" class=\"wpcf7-form init\" aria-label=\"Contact form\" novalidate=\"novalidate\" data-status=\"init\">\n<fieldset class=\"hidden-fields-container\"><input type=\"hidden\" name=\"_wpcf7\" value=\"506\" \/><input type=\"hidden\" name=\"_wpcf7_version\" value=\"6.1.3\" \/><input type=\"hidden\" name=\"_wpcf7_locale\" value=\"en_US\" \/><input type=\"hidden\" name=\"_wpcf7_unit_tag\" value=\"wpcf7-f506-o1\" \/><input type=\"hidden\" name=\"_wpcf7_container_post\" value=\"0\" \/><input type=\"hidden\" name=\"_wpcf7_posted_data_hash\" value=\"\" \/>\n<\/fieldset>\n<p><label> Nome (*) <\/label><br \/>\n<span class=\"wpcf7-form-control-wrap\" data-name=\"your-name\"><input size=\"40\" maxlength=\"400\" class=\"wpcf7-form-control wpcf7-text wpcf7-validates-as-required\" aria-required=\"true\" aria-invalid=\"false\" value=\"\" type=\"text\" name=\"your-name\" \/><\/span>\n<\/p>\n<p><label> Email (*) <\/label><br \/>\n<span class=\"wpcf7-form-control-wrap\" data-name=\"your-email\"><input size=\"40\" maxlength=\"400\" class=\"wpcf7-form-control wpcf7-email wpcf7-validates-as-required wpcf7-text wpcf7-validates-as-email\" aria-required=\"true\" aria-invalid=\"false\" value=\"\" type=\"email\" name=\"your-email\" \/><\/span>\n<\/p>\n<p><label> Assunto <\/label><br \/>\n<span class=\"wpcf7-form-control-wrap\" data-name=\"your-subject\"><input size=\"40\" maxlength=\"400\" class=\"wpcf7-form-control wpcf7-text\" aria-invalid=\"false\" value=\"\" type=\"text\" name=\"your-subject\" \/><\/span>\n<\/p>\n<p><label> Departmento<\/label><br \/>\n<span class=\"wpcf7-form-control-wrap\" data-name=\"menu-178\"><select class=\"wpcf7-form-control wpcf7-select\" aria-invalid=\"false\" name=\"menu-178\"><option value=\"Parceria\">Parceria<\/option><option value=\"Suporte\">Suporte<\/option><option value=\"Placa\">Placa<\/option><option value=\"Outros\">Outros<\/option><\/select><\/span>\n<\/p>\n<p><label> Escreva sua mensagem <\/label><br \/>\n<span class=\"wpcf7-form-control-wrap\" data-name=\"your-message\"><textarea cols=\"40\" rows=\"10\" maxlength=\"2000\" class=\"wpcf7-form-control wpcf7-textarea\" aria-invalid=\"false\" name=\"your-message\"><\/textarea><\/span>\n<\/p>\n<p><input class=\"wpcf7-form-control wpcf7-submit has-spinner\" type=\"submit\" value=\"Perguntar\" \/>\n<\/p><p style=\"display: none !important;\" class=\"akismet-fields-container\" data-prefix=\"_wpcf7_ak_\"><label>&#916;<textarea name=\"_wpcf7_ak_hp_textarea\" cols=\"45\" rows=\"8\" maxlength=\"100\"><\/textarea><\/label><input type=\"hidden\" id=\"ak_js_1\" name=\"_wpcf7_ak_js\" value=\"1\"\/><script>document.getElementById( \"ak_js_1\" ).setAttribute( \"value\", ( new Date() ).getTime() );<\/script><\/p><div class=\"wpcf7-response-output\" aria-hidden=\"true\"><\/div>\n<\/form>\n<\/div>\n<\/div>\r\n\t\t<\/div>\r\n\t\t\t\t\t\t<\/div>\n\t\t\t\t<\/div>\n\t\t\t\t\t<\/div>\n\t\t<\/div>\n\t\t\t\t\t<\/div>\n\t\t<\/section>\n\t\t\t\t\t<\/div>\n\t\t<\/div>\n\t\t\t\t<div class=\"elementor-column elementor-col-66 elementor-top-column elementor-element elementor-element-823206f\" data-id=\"823206f\" data-element_type=\"column\">\n\t\t\t<div class=\"elementor-widget-wrap elementor-element-populated\">\n\t\t\t\t\t\t<div class=\"elementor-element elementor-element-2e06174 elementor-widget elementor-widget-cz_title\" data-id=\"2e06174\" data-element_type=\"widget\" data-widget_type=\"cz_title.default\">\n\t\t\t\t<div class=\"elementor-widget-container\">\n\t\t\t\t\t\t\r\n\t\t<div>\r\n\t\t\t<div class=\"cz_title clr cz_title_ba_line cz_title_pos_inline\"><div class=\"cz_title_content\"><div class=\"cz_wpe_content\"><p><span style=\"font-size: 18px; color: #aaaaaa;\">Perguntas Frequentes<\/span><\/p><h3><span style=\"font-size: 36px;\"><strong>Voc\u00ea tem alguma d\u00favida?<\/strong><\/span><\/h3><\/div><div class=\"cz_title_line cz_line_after_title\"><span>_<\/span><\/div><\/div><\/div>\r\n\t\t<\/div>\r\n\t\t\r\n\t\t\t\t\t\t<\/div>\n\t\t\t\t<\/div>\n\t\t\t\t<div class=\"elementor-element elementor-element-502030f elementor-widget elementor-widget-cz_title\" data-id=\"502030f\" data-element_type=\"widget\" data-widget_type=\"cz_title.default\">\n\t\t\t\t<div class=\"elementor-widget-container\">\n\t\t\t\t\t\t\r\n\t\t<div>\r\n\t\t\t<div class=\"cz_title clr cz_title_pos_inline\"><div class=\"cz_title_content\"><div class=\"cz_wpe_content\"><p><span style=\"font-size: 18px; color: #666666;\">Por favor leia as quest\u00f5es respondidas abaixo e caso n\u00e3o encontre resposta, entre em contato conosco. Responderemos assim que poss\u00edvel.\u00a0<\/span><\/p><\/div><\/div><\/div>\r\n\t\t<\/div>\r\n\t\t\r\n\t\t\t\t\t\t<\/div>\n\t\t\t\t<\/div>\n\t\t\t\t<div class=\"elementor-element elementor-element-0d0a944 elementor-widget elementor-widget-cz_title\" data-id=\"0d0a944\" data-element_type=\"widget\" data-widget_type=\"cz_title.default\">\n\t\t\t\t<div class=\"elementor-widget-container\">\n\t\t\t\t\t\t\r\n\t\t<div>\r\n\t\t\t<div class=\"cz_title clr cz_title_has_icon cz_title_pos_inline\"><div class=\"cz_title_content\"><i class=\"cz_title_icon_before fa czico-012-done\"><\/i><div class=\"cz_wpe_content\"><h4>QUEST\u00d5ES GERAIS<\/h4><\/div><\/div><\/div>\r\n\t\t<\/div>\r\n\t\t\r\n\t\t\t\t\t\t<\/div>\n\t\t\t\t<\/div>\n\t\t\t\t<div class=\"elementor-element elementor-element-28dd996 elementor-widget elementor-widget-cz_accordion\" data-id=\"28dd996\" data-element_type=\"widget\" data-widget_type=\"cz_accordion.default\">\n\t\t\t\t<div class=\"elementor-widget-container\">\n\t\t\t\t\t<div data-arrows='{\"open\":\"fa czico-189-arrows-1\",\"close\":\"fa czico-200-down-arrow\"}' class=\"cz_acc clr cz_acc_toggle cz_acc_first_open\"><div><div class=\"elementor-repeater-item-dc19822\"><span class=\"cz_acc_child\"><div>Quantos memoriais posso criar?<\/div><\/span><div class=\"cz_acc_child_content clr\"><p>Cada conta cadastrada s\u00f3 pode criar um memorial. Caso queira criar mais memoriais, deve entrar em contato com o comercial para adicionar mais memoriais em sua conta.\u00a0<\/p><\/div><\/div><div class=\"elementor-repeater-item-67aee10\"><span class=\"cz_acc_child\"><div>Memorial \u00e9 s\u00f3 para pessoas falecidas? <\/div><\/span><div class=\"cz_acc_child_content clr\"><p>A princ\u00edpio sim, mas n\u00e3o impede de voc\u00ea criar um memorial em vida e liberar posteriormente, com acesso via senha.\u00a0<\/p><\/div><\/div><div class=\"elementor-repeater-item-9bdf88b\"><span class=\"cz_acc_child\"><div>Tenho como testar a ferramenta? <\/div><\/span><div class=\"cz_acc_child_content clr\"><p>Sim, oferecemos um teste gratuito de acesso \u00e0 ferramenta.\u00a0<\/p><\/div><\/div><div class=\"elementor-repeater-item-7f31e56\"><span class=\"cz_acc_child\"><div>O que acontece se eu n\u00e3o quiser mais pagar a mensalidade? <\/div><\/span><div class=\"cz_acc_child_content clr\"><p>Inicialmente a conta \u00e9 suspensa e depois de um prazo informado, a conta \u00e9 deletada do servidor.\u00a0<\/p><\/div><\/div><div class=\"elementor-repeater-item-f262e1c\"><span class=\"cz_acc_child\"><div>Qual plano d\u00e1 direito \u00e0 placa QR Code? <\/div><\/span><div class=\"cz_acc_child_content clr\"><p>Apenas os planos Avan\u00e7ado e Premium d\u00e3o direito \u00e0 placa QR Code em cer\u00e2mica. Ao receber a placa em casa, o usu\u00e1rio deve se responsabilizar em colocar o QR Code no t\u00famulo do ente querido para o qual fez o memorial.\u00a0<\/p><\/div><\/div><div class=\"elementor-repeater-item-abae173\"><span class=\"cz_acc_child\"><div>Qual o custo da placa e prazo de entrega?<\/div><\/span><div class=\"cz_acc_child_content clr\"><p>O prazo de entrega da placa \u00e9 de 30 dias \u00fateis a partir do pedido feito pelo usu\u00e1rio via suporte whatsapp ou site.\u00a0<br \/>O custo da placa para que adquiriu apenas o plano b\u00e1sico e vai comprar a placa separadamente \u00e9 de R$ 100,00 via pix.\u00a0<\/p><\/div><\/div><\/div><\/div>\t\t\t\t<\/div>\n\t\t\t\t<\/div>\n\t\t\t\t<div class=\"elementor-element elementor-element-72d423d elementor-widget elementor-widget-cz_title\" data-id=\"72d423d\" data-element_type=\"widget\" data-widget_type=\"cz_title.default\">\n\t\t\t\t<div class=\"elementor-widget-container\">\n\t\t\t\t\t\t\r\n\t\t<div>\r\n\t\t\t<div class=\"cz_title clr cz_title_has_icon cz_title_pos_inline\"><div class=\"cz_title_content\"><i class=\"cz_title_icon_before fa fa-question\"><\/i><div class=\"cz_wpe_content\"><h4>OUTRAS QUEST\u00d5ES<\/h4><\/div><\/div><\/div>\r\n\t\t<\/div>\r\n\t\t\r\n\t\t\t\t\t\t<\/div>\n\t\t\t\t<\/div>\n\t\t\t\t<div class=\"elementor-element elementor-element-8ab8a90 elementor-widget elementor-widget-cz_accordion\" data-id=\"8ab8a90\" data-element_type=\"widget\" data-widget_type=\"cz_accordion.default\">\n\t\t\t\t<div class=\"elementor-widget-container\">\n\t\t\t\t\t<div data-arrows='{\"open\":\"fa czico-189-arrows-1\",\"close\":\"fa czico-200-down-arrow\"}' class=\"cz_acc clr\"><div><div class=\"elementor-repeater-item-dc19822\"><span class=\"cz_acc_child\"><div>Existem plano vital\u00edcio?<\/div><\/span><div class=\"cz_acc_child_content clr\"><p>Sim. Os planos oferecem op\u00e7\u00e3o de vital\u00edcio para pagamento \u00fanico.<\/p><\/div><\/div><div class=\"elementor-repeater-item-67aee10\"><span class=\"cz_acc_child\"><div>Voc\u00eas fazem parceria? <\/div><\/span><div class=\"cz_acc_child_content clr\"><p>Siiiim! estamos abertos a parcerias com funer\u00e1rias e cemit\u00e9rios de todo o Brasil com plano aberto de afiliados, no qual o parceiro recebe comiss\u00e3o do valor da instala\u00e7\u00e3o do servi\u00e7o.\u00a0<\/p><\/div><\/div><\/div><\/div>\t\t\t\t<\/div>\n\t\t\t\t<\/div>\n\t\t\t\t\t<\/div>\n\t\t<\/div>\n\t\t\t\t\t<\/div>\n\t\t<\/section>\n\t\t\t\t<\/div>\n\t\t","protected":false},"excerpt":{"rendered":"<p>D\u00favidas? Pergunte Nome (*) Email (*) Assunto Department ParceriaSuportePlacaOutros Seu texto &#8230; <\/p>\n","protected":false},"author":1,"featured_media":0,"parent":0,"menu_order":0,"comment_status":"closed","ping_status":"closed","template":"","meta":{"footnotes":""},"class_list":["post-19","page","type-page","status-publish","hentry"],"yoast_head":"<!-- This site is optimized with the Yoast SEO plugin v27.2 - https:\/\/yoast.com\/product\/yoast-seo-wordpress\/ -->\n<title>FAQ - Jazygo Memorial<\/title>\n<meta name=\"description\" content=\"Eternize hist\u00f3rias de vidas e deixe um legado \u00e0s pr\u00f3ximas gera\u00e7\u00f5es. Fa\u00e7a um memorial online e construa um tributo perene a quem voc\u00ea ama.\" \/>\n<meta name=\"robots\" content=\"index, follow, max-snippet:-1, max-image-preview:large, max-video-preview:-1\" \/>\n<link rel=\"canonical\" href=\"https:\/\/jazygo.com.br\/home\/faq\/\" \/>\n<meta property=\"og:locale\" content=\"pt_BR\" \/>\n<meta property=\"og:type\" content=\"article\" \/>\n<meta property=\"og:title\" content=\"FAQ - Jazygo Memorial\" \/>\n<meta property=\"og:description\" content=\"Eternize hist\u00f3rias de vidas e deixe um legado \u00e0s pr\u00f3ximas gera\u00e7\u00f5es. Fa\u00e7a um memorial online e construa um tributo perene a quem voc\u00ea ama.\" \/>\n<meta property=\"og:url\" content=\"https:\/\/jazygo.com.br\/home\/faq\/\" \/>\n<meta property=\"og:site_name\" content=\"Jazygo Memorial\" \/>\n<meta property=\"article:modified_time\" content=\"2025-11-01T20:19:32+00:00\" \/>\n<meta property=\"og:image\" content=\"https:\/\/jazygo.com.br\/home\/wp-content\/uploads\/2025\/10\/4.jpg\" \/>\n<meta name=\"twitter:card\" content=\"summary_large_image\" \/>\n<meta name=\"twitter:label1\" content=\"Est. tempo de leitura\" \/>\n\t<meta name=\"twitter:data1\" content=\"3 minutos\" \/>\n<script type=\"application\/ld+json\" class=\"yoast-schema-graph\">{\"@context\":\"https:\/\/schema.org\",\"@graph\":[{\"@type\":\"WebPage\",\"@id\":\"https:\/\/jazygo.com.br\/home\/faq\/\",\"url\":\"https:\/\/jazygo.com.br\/home\/faq\/\",\"name\":\"FAQ - Jazygo Memorial\",\"isPartOf\":{\"@id\":\"https:\/\/jazygo.com.br\/home\/#website\"},\"primaryImageOfPage\":{\"@id\":\"https:\/\/jazygo.com.br\/home\/faq\/#primaryimage\"},\"image\":{\"@id\":\"https:\/\/jazygo.com.br\/home\/faq\/#primaryimage\"},\"thumbnailUrl\":\"https:\/\/jazygo.com.br\/home\/wp-content\/uploads\/2025\/10\/4.jpg\",\"datePublished\":\"2024-06-10T08:34:22+00:00\",\"dateModified\":\"2025-11-01T20:19:32+00:00\",\"description\":\"Eternize hist\u00f3rias de vidas e deixe um legado \u00e0s pr\u00f3ximas gera\u00e7\u00f5es. Fa\u00e7a um memorial online e construa um tributo perene a quem voc\u00ea ama.\",\"breadcrumb\":{\"@id\":\"https:\/\/jazygo.com.br\/home\/faq\/#breadcrumb\"},\"inLanguage\":\"pt-BR\",\"potentialAction\":[{\"@type\":\"ReadAction\",\"target\":[\"https:\/\/jazygo.com.br\/home\/faq\/\"]}]},{\"@type\":\"ImageObject\",\"inLanguage\":\"pt-BR\",\"@id\":\"https:\/\/jazygo.com.br\/home\/faq\/#primaryimage\",\"url\":\"https:\/\/jazygo.com.br\/home\/wp-content\/uploads\/2025\/10\/4.jpg\",\"contentUrl\":\"https:\/\/jazygo.com.br\/home\/wp-content\/uploads\/2025\/10\/4.jpg\",\"width\":1080,\"height\":1350},{\"@type\":\"BreadcrumbList\",\"@id\":\"https:\/\/jazygo.com.br\/home\/faq\/#breadcrumb\",\"itemListElement\":[{\"@type\":\"ListItem\",\"position\":1,\"name\":\"In\u00edcio\",\"item\":\"https:\/\/jazygo.com.br\/home\/\"},{\"@type\":\"ListItem\",\"position\":2,\"name\":\"FAQ\"}]},{\"@type\":\"WebSite\",\"@id\":\"https:\/\/jazygo.com.br\/home\/#website\",\"url\":\"https:\/\/jazygo.com.br\/home\/\",\"name\":\"Jazygo Memorial\",\"description\":\"\",\"potentialAction\":[{\"@type\":\"SearchAction\",\"target\":{\"@type\":\"EntryPoint\",\"urlTemplate\":\"https:\/\/jazygo.com.br\/home\/?s={search_term_string}\"},\"query-input\":{\"@type\":\"PropertyValueSpecification\",\"valueRequired\":true,\"valueName\":\"search_term_string\"}}],\"inLanguage\":\"pt-BR\"}]}<\/script>\n<!-- \/ Yoast SEO plugin. -->","yoast_head_json":{"title":"FAQ - Jazygo Memorial","description":"Eternize hist\u00f3rias de vidas e deixe um legado \u00e0s pr\u00f3ximas gera\u00e7\u00f5es. Fa\u00e7a um memorial online e construa um tributo perene a quem voc\u00ea ama.","robots":{"index":"index","follow":"follow","max-snippet":"max-snippet:-1","max-image-preview":"max-image-preview:large","max-video-preview":"max-video-preview:-1"},"canonical":"https:\/\/jazygo.com.br\/home\/faq\/","og_locale":"pt_BR","og_type":"article","og_title":"FAQ - Jazygo Memorial","og_description":"Eternize hist\u00f3rias de vidas e deixe um legado \u00e0s pr\u00f3ximas gera\u00e7\u00f5es. Fa\u00e7a um memorial online e construa um tributo perene a quem voc\u00ea ama.","og_url":"https:\/\/jazygo.com.br\/home\/faq\/","og_site_name":"Jazygo Memorial","article_modified_time":"2025-11-01T20:19:32+00:00","og_image":[{"url":"https:\/\/jazygo.com.br\/home\/wp-content\/uploads\/2025\/10\/4.jpg","type":"","width":"","height":""}],"twitter_card":"summary_large_image","twitter_misc":{"Est. tempo de leitura":"3 minutos"},"schema":{"@context":"https:\/\/schema.org","@graph":[{"@type":"WebPage","@id":"https:\/\/jazygo.com.br\/home\/faq\/","url":"https:\/\/jazygo.com.br\/home\/faq\/","name":"FAQ - Jazygo Memorial","isPartOf":{"@id":"https:\/\/jazygo.com.br\/home\/#website"},"primaryImageOfPage":{"@id":"https:\/\/jazygo.com.br\/home\/faq\/#primaryimage"},"image":{"@id":"https:\/\/jazygo.com.br\/home\/faq\/#primaryimage"},"thumbnailUrl":"https:\/\/jazygo.com.br\/home\/wp-content\/uploads\/2025\/10\/4.jpg","datePublished":"2024-06-10T08:34:22+00:00","dateModified":"2025-11-01T20:19:32+00:00","description":"Eternize hist\u00f3rias de vidas e deixe um legado \u00e0s pr\u00f3ximas gera\u00e7\u00f5es. Fa\u00e7a um memorial online e construa um tributo perene a quem voc\u00ea ama.","breadcrumb":{"@id":"https:\/\/jazygo.com.br\/home\/faq\/#breadcrumb"},"inLanguage":"pt-BR","potentialAction":[{"@type":"ReadAction","target":["https:\/\/jazygo.com.br\/home\/faq\/"]}]},{"@type":"ImageObject","inLanguage":"pt-BR","@id":"https:\/\/jazygo.com.br\/home\/faq\/#primaryimage","url":"https:\/\/jazygo.com.br\/home\/wp-content\/uploads\/2025\/10\/4.jpg","contentUrl":"https:\/\/jazygo.com.br\/home\/wp-content\/uploads\/2025\/10\/4.jpg","width":1080,"height":1350},{"@type":"BreadcrumbList","@id":"https:\/\/jazygo.com.br\/home\/faq\/#breadcrumb","itemListElement":[{"@type":"ListItem","position":1,"name":"In\u00edcio","item":"https:\/\/jazygo.com.br\/home\/"},{"@type":"ListItem","position":2,"name":"FAQ"}]},{"@type":"WebSite","@id":"https:\/\/jazygo.com.br\/home\/#website","url":"https:\/\/jazygo.com.br\/home\/","name":"Jazygo Memorial","description":"","potentialAction":[{"@type":"SearchAction","target":{"@type":"EntryPoint","urlTemplate":"https:\/\/jazygo.com.br\/home\/?s={search_term_string}"},"query-input":{"@type":"PropertyValueSpecification","valueRequired":true,"valueName":"search_term_string"}}],"inLanguage":"pt-BR"}]}},"_links":{"self":[{"href":"https:\/\/jazygo.com.br\/home\/wp-json\/wp\/v2\/pages\/19","targetHints":{"allow":["GET"]}}],"collection":[{"href":"https:\/\/jazygo.com.br\/home\/wp-json\/wp\/v2\/pages"}],"about":[{"href":"https:\/\/jazygo.com.br\/home\/wp-json\/wp\/v2\/types\/page"}],"author":[{"embeddable":true,"href":"https:\/\/jazygo.com.br\/home\/wp-json\/wp\/v2\/users\/1"}],"replies":[{"embeddable":true,"href":"https:\/\/jazygo.com.br\/home\/wp-json\/wp\/v2\/comments?post=19"}],"version-history":[{"count":13,"href":"https:\/\/jazygo.com.br\/home\/wp-json\/wp\/v2\/pages\/19\/revisions"}],"predecessor-version":[{"id":1749,"href":"https:\/\/jazygo.com.br\/home\/wp-json\/wp\/v2\/pages\/19\/revisions\/1749"}],"wp:attachment":[{"href":"https:\/\/jazygo.com.br\/home\/wp-json\/wp\/v2\/media?parent=19"}],"curies":[{"name":"wp","href":"https:\/\/api.w.org\/{rel}","templated":true}]}}